{"id":7,"date":"2024-12-17T05:06:26","date_gmt":"2024-12-17T05:06:26","guid":{"rendered":"https:\/\/soypaty8a.cesararellano.com\/?page_id=7"},"modified":"2025-01-15T04:27:38","modified_gmt":"2025-01-15T04:27:38","slug":"elementor-7","status":"publish","type":"page","link":"https:\/\/soypaty8a.cesararellano.com\/index.php\/elementor-7\/","title":{"rendered":"Elementor #7"},"content":{"rendered":"\t\t<div data-elementor-type=\"wp-post\" data-elementor-id=\"7\" class=\"elementor elementor-7\">\n\t\t\t\t<div class=\"elementor-element elementor-element-e5abced e-con-full e-flex e-con e-parent\" data-id=\"e5abced\" data-element_type=\"container\" data-settings=\"{&quot;background_background&quot;:&quot;classic&quot;}\">\n\t\t\t\t<div class=\"elementor-element elementor-element-c3fa9a5 elementor-widget elementor-widget-heading\" data-id=\"c3fa9a5\" data-element_type=\"widget\" data-widget_type=\"heading.default\">\n\t\t\t\t<div class=\"elementor-widget-container\">\n\t\t\t\t\t<h2 class=\"elementor-heading-title elementor-size-default\">Descubre las 3 Herramientas para Incrementar tus Resultados en Ventas y Confianza Personal<\/h2>\t\t\t\t<\/div>\n\t\t\t\t<\/div>\n\t\t<div class=\"elementor-element elementor-element-6be309f e-flex e-con-boxed e-con e-child\" data-id=\"6be309f\" data-element_type=\"container\" data-settings=\"{&quot;background_background&quot;:&quot;gradient&quot;}\">\n\t\t\t\t\t<div class=\"e-con-inner\">\n\t\t\t\t<div class=\"elementor-element elementor-element-0c21e23 elementor-widget elementor-widget-heading\" data-id=\"0c21e23\" data-element_type=\"widget\" data-widget_type=\"heading.default\">\n\t\t\t\t<div class=\"elementor-widget-container\">\n\t\t\t\t\t<h3 class=\"elementor-heading-title elementor-size-default\">Aprende en este evento en vivo GRATUITO c\u00f3mo redirigir tu energ\u00eda, duplicar tu confianza y transformar tus ingresos.<\/h3>\t\t\t\t<\/div>\n\t\t\t\t<\/div>\n\t\t<div class=\"elementor-element elementor-element-d93ae6e e-grid e-con-full e-con e-child\" data-id=\"d93ae6e\" data-element_type=\"container\">\n\t\t\t\t<div class=\"elementor-element elementor-element-35c7453 elementor-widget elementor-widget-image\" data-id=\"35c7453\" data-element_type=\"widget\" data-widget_type=\"image.default\">\n\t\t\t\t<div class=\"elementor-widget-container\">\n\t\t\t\t\t\t\t\t\t\t\t\t\t\t\t\t<a href=\"https:\/\/www.instagram.com\/p\/C9Kx4E8RV13\/?utm_source=ig_web_button_share_sheet&#038;igsh=MzRlODBiNWFlZA==\">\n\t\t\t\t\t\t\t<img fetchpriority=\"high\" decoding=\"async\" width=\"260\" height=\"300\" src=\"https:\/\/soypaty8a.cesararellano.com\/wp-content\/uploads\/2024\/12\/FotoPatyOchoa-removebg-preview-260x300.png\" class=\"attachment-medium size-medium wp-image-15\" alt=\"\" srcset=\"https:\/\/soypaty8a.cesararellano.com\/wp-content\/uploads\/2024\/12\/FotoPatyOchoa-removebg-preview-260x300.png 260w, https:\/\/soypaty8a.cesararellano.com\/wp-content\/uploads\/2024\/12\/FotoPatyOchoa-removebg-preview.png 465w\" sizes=\"(max-width: 260px) 100vw, 260px\" \/>\t\t\t\t\t\t\t\t<\/a>\n\t\t\t\t\t\t\t\t\t\t\t\t\t\t\t<\/div>\n\t\t\t\t<\/div>\n\t\t\t\t<div class=\"elementor-element elementor-element-6299021 elementor-widget elementor-widget-text-editor\" data-id=\"6299021\" data-element_type=\"widget\" data-widget_type=\"text-editor.default\">\n\t\t\t\t<div class=\"elementor-widget-container\">\n\t\t\t\t\t\t\t\t\t<p>En estas 3 clases transformadoras, descubrir\u00e1s:<\/p><ul><li>\ud83d\udd25 <strong>Herramienta 1: El secreto para duplicar tu confianza en ventas<\/strong> y proyectar seguridad imparable ante tus clientes.<\/li><li>\ud83e\udde0 <strong>Herramienta 2: C\u00f3mo redirigir tu energ\u00eda sexual para enfocarte y cerrar m\u00e1s ventas.<\/strong><\/li><li>\ud83d\udcbc <strong>Herramienta 3: Estrategias probadas para superar el rechazo y aumentar tus ingresos al menos un 30% en los pr\u00f3ximos meses.<\/strong><\/li><\/ul>\t\t\t\t\t\t\t\t<\/div>\n\t\t\t\t<\/div>\n\t\t\t\t<\/div>\n\t\t\t\t\t<\/div>\n\t\t\t\t<\/div>\n\t\t\t\t<\/div>\n\t\t\t\t<\/div>\n\t\t","protected":false},"excerpt":{"rendered":"<p>Descubre las 3 Herramientas para Incrementar tus Resultados en Ventas y Confianza Personal Aprende en este evento en vivo GRATUITO c\u00f3mo redirigir tu energ\u00eda, duplicar tu confianza y transformar tus ingresos. En estas 3 clases transformadoras, descubrir\u00e1s: \ud83d\udd25 Herramienta 1: El secreto para duplicar tu confianza en ventas y proyectar seguridad imparable ante tus clientes. [&hellip;]<\/p>\n","protected":false},"author":1,"featured_media":0,"parent":0,"menu_order":0,"comment_status":"closed","ping_status":"closed","template":"","meta":{"footnotes":""},"class_list":["post-7","page","type-page","status-publish","hentry"],"_links":{"self":[{"href":"https:\/\/soypaty8a.cesararellano.com\/index.php\/wp-json\/wp\/v2\/pages\/7","targetHints":{"allow":["GET"]}}],"collection":[{"href":"https:\/\/soypaty8a.cesararellano.com\/index.php\/wp-json\/wp\/v2\/pages"}],"about":[{"href":"https:\/\/soypaty8a.cesararellano.com\/index.php\/wp-json\/wp\/v2\/types\/page"}],"author":[{"embeddable":true,"href":"https:\/\/soypaty8a.cesararellano.com\/index.php\/wp-json\/wp\/v2\/users\/1"}],"replies":[{"embeddable":true,"href":"https:\/\/soypaty8a.cesararellano.com\/index.php\/wp-json\/wp\/v2\/comments?post=7"}],"version-history":[{"count":13,"href":"https:\/\/soypaty8a.cesararellano.com\/index.php\/wp-json\/wp\/v2\/pages\/7\/revisions"}],"predecessor-version":[{"id":24,"href":"https:\/\/soypaty8a.cesararellano.com\/index.php\/wp-json\/wp\/v2\/pages\/7\/revisions\/24"}],"wp:attachment":[{"href":"https:\/\/soypaty8a.cesararellano.com\/index.php\/wp-json\/wp\/v2\/media?parent=7"}],"curies":[{"name":"wp","href":"https:\/\/api.w.org\/{rel}","templated":true}]}}